{"id":3165,"date":"2019-12-18T15:13:46","date_gmt":"2019-12-18T18:13:46","guid":{"rendered":"https:\/\/cardenal-newman.edu\/exalumnos\/"},"modified":"2020-07-15T14:30:35","modified_gmt":"2020-07-15T17:30:35","slug":"former-pupils-association","status":"publish","type":"page","link":"https:\/\/cardenal-newman.edu\/en\/former-pupils-association\/","title":{"rendered":"Former Pupils Association"},"content":{"rendered":"<section class=\"wpb-content-wrapper\"><p>[vc_row equal_columns=&#8221;true&#8221; attached=&#8221;true&#8221; css=&#8221;.vc_custom_1583612454879{margin-top: 35px !important;margin-bottom: 25px !important;}&#8221;][vc_column width=&#8221;1\/4&#8243;][vc_empty_space height=&#8221;60px&#8221;][vc_single_image image=&#8221;2423&#8243; img_size=&#8221;medium&#8221; alignment=&#8221;center&#8221;][\/vc_column][vc_column width=&#8221;1\/2&#8243;][vc_empty_space height=&#8221;60px&#8221;][vc_column_text css=&#8221;.vc_custom_1593091354034{margin-bottom: 0px !important;}&#8221;]<\/p>\n<h3>New Platform: Contact &amp; Opportunities<\/h3>\n<p>[\/vc_column_text][vc_column_text]We have launched a new platform so that all former students can be even closer. With the possibility of being able to access the Directory by graduation year and countries, employment opportunities, services and to the latest news (with exclusive personal account access). <b>Name, graduation year, address, e-mail, occupation and Linkedin is the information that is published in the Directory. Family details and mobile numbers are confidential.<\/b><\/p>\n<p><span style=\"font-weight: 400;\">We ask you please to register and to have your own account to access the information and to publish as well. The success of this platform depends on us. Thank you![\/vc_column_text][vc_btn title=&#8221;Register to access&#8221; style=&#8221;custom&#8221; custom_background=&#8221;#000435&#8243; custom_text=&#8221;#ffffff&#8221; size=&#8221;lg&#8221; align=&#8221;center&#8221; i_icon_fontawesome=&#8221;fas fa-sign-in-alt&#8221; add_icon=&#8221;true&#8221; link=&#8221;url:https%3A%2F%2Fcardenal-newman.edu%2Fregistro%2F|||&#8221;][\/vc_column][vc_column width=&#8221;1\/4&#8243;][vc_column_text]\n<div class=\"um um-login um-1503\">\n\n\t<div class=\"um-form\">\n\n\t\t<form method=\"post\" action=\"\" autocomplete=\"off\">\n\n\t\t\t<div class=\"um-row _um_row_1 \" style=\"padding: 0px 0px 0px 0px;margin: 0px 0px 30px 0px;border-width: 0px 0px 0px 0px;border-style: solid;border-color: #ffffff;border-radius: 0px;\"><div class=\"um-col-1\"><div  id=\"um_field_1503_username\" class=\"um-field um-field-text  um-field-username um-field-text um-field-type_text\" data-key=\"username\"><div class=\"um-field-label\"><label for=\"username-1503\">Username or E-mail<\/label><div class=\"um-clear\"><\/div><\/div><div class=\"um-field-area\"><input  autocomplete=\"off\" class=\"um-form-field valid \" type=\"text\" name=\"username-1503\" id=\"username-1503\" value=\"\" placeholder=\"\" data-validate=\"unique_username_or_email\" data-key=\"username\" \/>\n\n\t\t\t\t\t\t<\/div><\/div><div  id=\"um_field_1503_user_password\" class=\"um-field um-field-password  um-field-user_password um-field-password um-field-type_password\" data-key=\"user_password\"><div class=\"um-field-label\"><label for=\"user_password-1503\">Password<\/label><div class=\"um-clear\"><\/div><\/div><div class=\"um-field-area\"><input class=\"um-form-field valid \" type=\"password\" name=\"user_password-1503\" id=\"user_password-1503\" value=\"\" placeholder=\"\" data-validate=\"\" data-key=\"user_password\" \/>\n\n\t\t\t\t\t\t<\/div><\/div><\/div><\/div>\t\t<input type=\"hidden\" name=\"form_id\" id=\"form_id_1503\" value=\"1503\" \/>\n\t\n\t<p class=\"um_request_name\">\n\t\t<label for=\"um_request_1503\">Only fill in if you are not human<\/label>\n\t\t<input type=\"hidden\" name=\"um_request\" id=\"um_request_1503\" class=\"input\" value=\"\" size=\"25\" autocomplete=\"off\" \/>\n\t<\/p>\n\n\t<input type=\"hidden\" id=\"_wpnonce\" name=\"_wpnonce\" value=\"778c788ad1\" \/><input type=\"hidden\" name=\"_wp_http_referer\" value=\"\/en\/wp-json\/wp\/v2\/pages\/3165\" \/>\n<div class=\"g-recaptcha\" id=\"um-1503\" data-mode=\"login\"><\/div>\n\n\n\t<div class=\"um-col-alt\">\n\n\t\t\n\t\t\t<div class=\"um-left um-half\">\n\t\t\t\t<input type=\"submit\" value=\"Iniciar sesi\u00f3n\" class=\"um-button\" id=\"um-submit-btn\" \/>\n\t\t\t<\/div>\n\t\t\t<div class=\"um-right um-half\">\n\t\t\t\t<a href=\"https:\/\/cardenal-newman.edu\/registro\/\" class=\"um-button um-alt\">\n\t\t\t\t\tRegistro\t\t\t\t<\/a>\n\t\t\t<\/div>\n\n\t\t\n\t\t<div class=\"um-clear\"><\/div>\n\n\t<\/div>\n\n\t\n\t<div class=\"um-col-alt-b\">\n\t\t<a href=\"https:\/\/cardenal-newman.edu\/password-reset\/\" class=\"um-link-alt\">\n\t\t\tForgot your password?\t\t<\/a>\n\t<\/div>\n\n\t\n\t\t<\/form>\n\n\t<\/div>\n\n<\/div>\n<style>\n\t\t\t.um-1503.um {\n\t\t\tmax-width: 450px;\n\t\t}\n\t\t<\/style>\n [\/vc_column_text][\/vc_column][\/vc_row][vc_row][vc_column][vc_column_text]<\/span><\/p>\n<h5 style=\"text-align: center;\"><strong>Here, once you have previously registered, you can access contact information of former pupils. Do not forget to dissipate any queries contacting your class delegate, or by writing to <a href=\"mailto:contacto@exnewman.org\" target=\"_blank\" rel=\"noopener noreferrer\">contacto@exnewman.org<\/a>.<\/strong><\/h5>\n<p>[\/vc_column_text][vc_cta h2=&#8221;We have reached the number of 1200 former pupils in the Directory, and continue growing\u2026..&#8221; txt_align=&#8221;center&#8221;][\/vc_cta][\/vc_column][\/vc_row][vc_row css=&#8221;.vc_custom_1583607140716{margin-bottom: 35px !important;}&#8221;][vc_column width=&#8221;1\/4&#8243;][vc_icon icon_fontawesome=&#8221;fas fa-user&#8221; color=&#8221;custom&#8221; size=&#8221;lg&#8221; align=&#8221;center&#8221; custom_color=&#8221;#000435&#8243;][vc_column_text]<\/p>\n<h4 style=\"text-align: center;\"><strong>Contact Network<\/strong><\/h4>\n<p>Database of former pupils. Register and reach out to whoever you need to contact![\/vc_column_text][\/vc_column][vc_column width=&#8221;1\/4&#8243;][vc_icon icon_fontawesome=&#8221;fas fa-briefcase&#8221; color=&#8221;custom&#8221; size=&#8221;lg&#8221; align=&#8221;center&#8221; custom_color=&#8221;#000435&#8243;][vc_column_text]<\/p>\n<h4 style=\"text-align: center;\"><strong>Job Pool\u00a0<\/strong><\/h4>\n<p>Find job opportunities for your professional career.[\/vc_column_text][\/vc_column][vc_column width=&#8221;1\/4&#8243;][vc_icon icon_fontawesome=&#8221;fas fa-bullhorn&#8221; color=&#8221;custom&#8221; size=&#8221;lg&#8221; align=&#8221;center&#8221; custom_color=&#8221;#000435&#8243;][vc_column_text]<\/p>\n<h4 style=\"text-align: center;\"><strong>Network of Services<\/strong><\/h4>\n<p>Do you provide a service and would like to publicize?\u00a0 This is the appropriate\u00a0 site.[\/vc_column_text][\/vc_column][vc_column width=&#8221;1\/4&#8243;][vc_icon icon_fontawesome=&#8221;fas fa-globe&#8221; color=&#8221;custom&#8221; size=&#8221;lg&#8221; align=&#8221;center&#8221; custom_color=&#8221;#000435&#8243;][vc_column_text]<\/p>\n<h4 style=\"text-align: center;\"><strong>Newman in the world<\/strong><\/h4>\n<p>Are you abroad?\u00a0 Contact former pupils in your country.[\/vc_column_text][\/vc_column][\/vc_row][vc_row full_width=&#8221;stretch_row&#8221; css=&#8221;.vc_custom_1583607205808{margin-top: 25px !important;margin-bottom: 25px !important;padding-top: 30px !important;padding-bottom: 39px !important;background-color: #f3f3f3 !important;}&#8221;][vc_column][vc_column_text]<\/p>\n<h2>Una Asociaci\u00f3n con 65 a\u00f1os de historia<\/h2>\n<p>[\/vc_column_text][vc_row_inner][vc_column_inner width=&#8221;1\/3&#8243;][vc_empty_space height=&#8221;30px&#8221;][vc_single_image image=&#8221;1472&#8243; img_size=&#8221;full&#8221; alignment=&#8221;center&#8221; style=&#8221;vc_box_shadow_border&#8221;][vc_column_text css=&#8221;.vc_custom_1594834101629{margin-bottom: 0px !important;}&#8221;]<\/p>\n<h4 style=\"text-align: center;\"><strong>A legacy of friendship<\/strong><\/h4>\n<p>[\/vc_column_text][\/vc_column_inner][vc_column_inner width=&#8221;2\/3&#8243;][vc_column_text]<\/p>\n<ul>\n<li><strong>Former Pupils Association<\/strong><\/li>\n<\/ul>\n<p>This Association involves all of us, since the first graduates in 1953 until the new ones of each year, formed with the intention of preserving the values of friendship, solidarity and respect bequeathed by the school and which, in one way or another, determines what we are today.\u00a0 It\u2019s an organization that started reuniting friends with a common past, and is committed to strengthening friendship bonds and, maintaining the spirit of comradeship transmitted at school by teachers, professors and Christian Brothers.[\/vc_column_text][vc_column_text]<em>Our first graduates. Sitting from left to right: E. L\u00f3pez Frugoni, Juan Anderson, J M\u00e9ndez, H. Bullrich, M. Calandrelli, L. Deferrari, G. Lee, J. M. Gonz\u00e1lez Ch\u00e1ves, S. Laspiur, J. Martini. Standing from left to right: J. Murtagh, M. Fern\u00e1ndez Madero, E. Young, C. Castilla, C. Young, F. von der Heyde, A. Reynal, C. Etcheverrigaray, R. Sarav\u00ed Tiscornia, C. Chevallier Boutell.<\/em>[\/vc_column_text][\/vc_column_inner][\/vc_row_inner][\/vc_column][\/vc_row][vc_row][vc_column width=&#8221;1\/4&#8243;][vc_single_image image=&#8221;2335&#8243; img_size=&#8221;250&#215;250&#8243; alignment=&#8221;center&#8221; onclick=&#8221;custom_link&#8221; link=&#8221;http:\/\/www.exnewman.org&#8221;][\/vc_column][vc_column width=&#8221;1\/4&#8243;][vc_single_image image=&#8221;2334&#8243; img_size=&#8221;250&#215;250&#8243; alignment=&#8221;center&#8221; onclick=&#8221;custom_link&#8221; link=&#8221;http:\/\/www.exnewman.org&#8221;][\/vc_column][vc_column width=&#8221;1\/4&#8243;][vc_single_image image=&#8221;2330&#8243; img_size=&#8221;250&#215;250&#8243; alignment=&#8221;center&#8221; onclick=&#8221;custom_link&#8221; link=&#8221;http:\/\/www.exnewman.org&#8221;][\/vc_column][vc_column width=&#8221;1\/4&#8243;][vc_single_image image=&#8221;2333&#8243; img_size=&#8221;250&#215;250&#8243; alignment=&#8221;center&#8221; onclick=&#8221;custom_link&#8221; link=&#8221;http:\/\/www.exnewman.org&#8221;][\/vc_column][\/vc_row][vc_row][vc_column width=&#8221;1\/4&#8243;][vc_single_image image=&#8221;2332&#8243; img_size=&#8221;250&#215;250&#8243; alignment=&#8221;center&#8221; onclick=&#8221;custom_link&#8221; link=&#8221;http:\/\/www.exnewman.org&#8221;][\/vc_column][vc_column width=&#8221;1\/4&#8243;][vc_single_image image=&#8221;2331&#8243; img_size=&#8221;250&#215;250&#8243; alignment=&#8221;center&#8221; onclick=&#8221;custom_link&#8221; link=&#8221;http:\/\/www.exnewman.org&#8221;][\/vc_column][vc_column width=&#8221;1\/4&#8243;][vc_single_image image=&#8221;2328&#8243; img_size=&#8221;250&#215;250&#8243; alignment=&#8221;center&#8221; onclick=&#8221;custom_link&#8221; link=&#8221;http:\/\/www.exnewman.org&#8221;][\/vc_column][vc_column width=&#8221;1\/4&#8243;][vc_single_image image=&#8221;2329&#8243; img_size=&#8221;250&#215;250&#8243; alignment=&#8221;center&#8221; onclick=&#8221;custom_link&#8221; link=&#8221;http:\/\/www.exnewman.org&#8221;][\/vc_column][\/vc_row][vc_row css=&#8221;.vc_custom_1583702887959{margin-bottom: 30px !important;}&#8221;][vc_column][vc_empty_space][vc_column_text]<\/p>\n<h2 style=\"text-align: center;\">Comisi\u00f3n directiva<\/h2>\n<p>[\/vc_column_text][vc_column_text]<\/p>\n<p style=\"text-align: center;\"><strong><span style=\"color: #81142c;\">Marcos Monpelat<\/span><\/strong><br \/>\n<span style=\"color: #81142c;\">Presidente<\/span><\/p>\n<p>[\/vc_column_text][vc_row_inner][vc_column_inner width=&#8221;1\/4&#8243;][vc_column_text]<\/p>\n<ul class=\"lista\">\n<li>Dami\u00e1n Bourdieu<\/li>\n<li>Rodrigo D\u00edaz de Vivar<\/li>\n<li>Ricardo Ferrer<\/li>\n<\/ul>\n<p>[\/vc_column_text][\/vc_column_inner][vc_column_inner width=&#8221;1\/4&#8243;][vc_column_text]<\/p>\n<ul class=\"lista\">\n<li>Adri\u00e1n Sobral<\/li>\n<li>Javier Lowenthal<\/li>\n<li>R\u00f3mulo Suaya.<\/li>\n<\/ul>\n<p>[\/vc_column_text][\/vc_column_inner][vc_column_inner width=&#8221;1\/4&#8243;][vc_column_text]<\/p>\n<ul class=\"lista\">\n<li>Pedro Dhers<\/li>\n<li>Juan Pablo Jutard<\/li>\n<li>Andy Anderson<\/li>\n<\/ul>\n<p>[\/vc_column_text][\/vc_column_inner][vc_column_inner width=&#8221;1\/4&#8243;][vc_column_text]<\/p>\n<ul class=\"lista\">\n<li>Paul Buenader<\/li>\n<li>Julio Sbarra<\/li>\n<li>Tom\u00e1s Romero Carranza<\/li>\n<\/ul>\n<p>[\/vc_column_text][\/vc_column_inner][\/vc_row_inner][\/vc_column][\/vc_row][vc_row full_width=&#8221;stretch_row&#8221; disable_element=&#8221;yes&#8221; css=&#8221;.vc_custom_1583702860584{margin-top: 25px !important;padding-top: 35px !important;padding-bottom: 35px !important;background-color: #f3f3f3 !important;}&#8221;][vc_column][vc_column_text]<\/p>\n<h2 style=\"text-align: center;\">Highlights<\/h2>\n<p>[\/vc_column_text][vc_row_inner][vc_column_inner width=&#8221;1\/2&#8243;][vc_column_text]<\/p>\n<h4 style=\"text-align: center;\"><strong>Paddy Ser\u00e9 \u2013 Ex alumno distinguido 2019<\/strong><\/h4>\n<p>[\/vc_column_text][vc_raw_html]JTNDJTIxLS0lMjB3cCUzQXZpZGVvJTIwLS0lM0UlMEElM0NmaWd1cmUlMjBjbGFzcyUzRCUyMndwLWJsb2NrLXZpZGVvJTIyJTNFJTNDdmlkZW8lMjBjb250cm9scyUyMHNyYyUzRCUyMmh0dHAlM0ElMkYlMkZjYXJkZW5hbC1uZXdtYW4uZWR1JTJGbWVkaWElMkZleC1hbHVtbm8tZGlzdGluZ3VpZG8ubXA0JTIyJTNFJTNDJTJGdmlkZW8lM0UlM0MlMkZmaWd1cmUlM0UlMEElM0MlMjEtLSUyMCUyRndwJTNBdmlkZW8lMjAtLSUzRQ==[\/vc_raw_html][\/vc_column_inner][vc_column_inner width=&#8221;1\/2&#8243;][vc_column_text]<\/p>\n<h4 style=\"text-align: center;\"><strong>Mateo Vivequin \u2013 Young Lion 2019<\/strong><\/h4>\n<p>[\/vc_column_text][vc_raw_html]JTNDJTIxLS0lMjB3cCUzQXZpZGVvJTIwLS0lM0UlMEElM0NmaWd1cmUlMjBjbGFzcyUzRCUyMndwLWJsb2NrLXZpZGVvJTIyJTIwc3R5bGUlM0QlMjJtYXgtaGVpZ2h0JTNBNTAwcHglMjIlM0UlM0N2aWRlbyUyMGNvbnRyb2xzJTIwc3JjJTNEJTIyaHR0cCUzQSUyRiUyRmNhcmRlbmFsLW5ld21hbi5lZHUlMkZtZWRpYSUyRnlvdW5nLWxpb24tMjAxOS5tcDQlMjIlM0UlM0MlMkZ2aWRlbyUzRSUzQyUyRmZpZ3VyZSUzRSUwQSUzQyUyMS0tJTIwJTJGd3AlM0F2aWRlbyUyMC0tJTNF[\/vc_raw_html][\/vc_column_inner][\/vc_row_inner][vc_column_text]<\/p>\n<h2 style=\"text-align: center;\">\u00bfQuer\u00e9s contactarte con la Asociaci\u00f3n Ex Alumnos?<\/h2>\n<p style=\"text-align: center;\">Escribinos a <a href=\"mailto:contacto@exnewman.org\" target=\"_self\" rel=\"noopener noreferrer\" data-content=\"contacto@exnewman.org\" data-type=\"mail\">contacto@exnewman.org<\/a><\/p>\n<p>[\/vc_column_text][\/vc_column][\/vc_row][vc_row full_width=&#8221;stretch_row&#8221; css=&#8221;.vc_custom_1583607205808{margin-top: 25px !important;margin-bottom: 25px !important;padding-top: 30px !important;padding-bottom: 39px !important;background-color: #f3f3f3 !important;}&#8221;][vc_column width=&#8221;1\/2&#8243;][vc_column_text]<\/p>\n<h4 style=\"text-align: center;\"><strong>Paddy Ser\u00e9 \u2013 Ex alumno distinguido 2019<\/strong><\/h4>\n<p>[\/vc_column_text][vc_single_image image=&#8221;2090&#8243; img_size=&#8221;medium&#8221; alignment=&#8221;center&#8221;][vc_btn title=&#8221;Video Aqu\u00ed&#8221; style=&#8221;custom&#8221; custom_background=&#8221;#000435&#8243; custom_text=&#8221;#ffffff&#8221; align=&#8221;center&#8221; link=&#8221;url:https%3A%2F%2Fwww.exnewman.org%2Fpaddysere|||&#8221;][\/vc_column][vc_column width=&#8221;1\/2&#8243;][vc_column_text]<\/p>\n<h4 style=\"text-align: center;\"><strong>Mateo Vivequin \u2013 Young Lion 2019<\/strong><\/h4>\n<p>[\/vc_column_text][vc_single_image image=&#8221;2087&#8243; img_size=&#8221;medium&#8221; alignment=&#8221;center&#8221;][vc_btn title=&#8221;Video Aqu\u00ed&#8221; style=&#8221;custom&#8221; custom_background=&#8221;#000435&#8243; custom_text=&#8221;#ffffff&#8221; align=&#8221;center&#8221; link=&#8221;url:https%3A%2F%2Fwww.exnewman.org%2Fmateovivequin|||&#8221;][\/vc_column][\/vc_row][vc_row][vc_column][vc_column_text]<\/p>\n<h3 style=\"text-align: center;\">\u00a1VISIT\u00c1 LA WEB DE EX ALUMNOS!<\/h3>\n<p>[\/vc_column_text][vc_btn title=&#8221;Entr\u00e1 Aqu\u00ed&#8221; style=&#8221;custom&#8221; custom_background=&#8221;#000435&#8243; custom_text=&#8221;#ffffff&#8221; align=&#8221;center&#8221; link=&#8221;url:https%3A%2F%2Fwww.exnewman.org%2Fmateovivequin|||&#8221;][\/vc_column][\/vc_row][vc_row full_width=&#8221;stretch_row&#8221; css=&#8221;.vc_custom_1585687957328{padding-top: 30px !important;padding-bottom: 30px !important;background-color: #000435 !important;}&#8221;][vc_column][vc_column_text el_class=&#8221;white&#8221;]<\/p>\n<h2 style=\"text-align: center;\">\u00daltimas novedades<\/h2>\n<p>[\/vc_column_text][vc_basic_grid post_type=&#8221;post&#8221; max_items=&#8221;4&#8243; element_width=&#8221;3&#8243; item=&#8221;1339&#8243; grid_id=&#8221;vc_gid:1594833762316-cb8d2304-39bf-8&#8243; taxonomies=&#8221;8&#8243;][\/vc_column][\/vc_row]<\/p>\n<\/section>","protected":false},"excerpt":{"rendered":"<p>[vc_row equal_columns=&#8221;true&#8221; attached=&#8221;true&#8221; css=&#8221;.vc_custom_1583612454879{margin-top: 35px !important;margin-bottom: 25px !important;}&#8221;][vc_column width=&#8221;1\/4&#8243;][vc_empty_space height=&#8221;60px&#8221;][vc_single_image image=&#8221;2423&#8243; img_size=&#8221;medium&#8221; alignment=&#8221;center&#8221;][\/vc_column][vc_column width=&#8221;1\/2&#8243;][vc_empty_space height=&#8221;60px&#8221;][vc_column_text css=&#8221;.vc_custom_1593091354034{margin-bottom: 0px !important;}&#8221;] New Platform: Contact &amp; Opportunities [\/vc_column_text][vc_column_text]We have launched a new platform so that all former students can be even closer. With the possibility of being able to access the Directory by graduation year and countries, employment opportunities, services and to the latest &hellip;<\/p>\n<p class=\"read-more\"> <a class=\"ast-button\" href=\"https:\/\/cardenal-newman.edu\/en\/former-pupils-association\/\"> <span class=\"screen-reader-text\">Former Pupils Association<\/span> Read More \u00bb<\/a><\/p>\n","protected":false},"author":1,"featured_media":3166,"parent":0,"menu_order":0,"comment_status":"closed","ping_status":"closed","template":"","meta":{"inline_featured_image":false,"site-sidebar-layout":"no-sidebar","site-content-layout":"plain-container","ast-global-header-display":"","ast-main-header-display":"","ast-hfb-above-header-display":"","ast-hfb-below-header-display":"","ast-hfb-mobile-header-display":"","site-post-title":"disabled","ast-breadcrumbs-content":"","ast-featured-img":"disabled","footer-sml-layout":"","theme-transparent-header-meta":"default","adv-header-id-meta":"","stick-header-meta":"default","header-above-stick-meta":"","header-main-stick-meta":"","header-below-stick-meta":""},"yst_prominent_words":[728,2239,19,727,2238,2677,2676,2678,720,718,717,2336,2127,2679,2337,2335,721,719,2177,722],"_links":{"self":[{"href":"https:\/\/cardenal-newman.edu\/en\/wp-json\/wp\/v2\/pages\/3165"}],"collection":[{"href":"https:\/\/cardenal-newman.edu\/en\/wp-json\/wp\/v2\/pages"}],"about":[{"href":"https:\/\/cardenal-newman.edu\/en\/wp-json\/wp\/v2\/types\/page"}],"author":[{"embeddable":true,"href":"https:\/\/cardenal-newman.edu\/en\/wp-json\/wp\/v2\/users\/1"}],"replies":[{"embeddable":true,"href":"https:\/\/cardenal-newman.edu\/en\/wp-json\/wp\/v2\/comments?post=3165"}],"version-history":[{"count":4,"href":"https:\/\/cardenal-newman.edu\/en\/wp-json\/wp\/v2\/pages\/3165\/revisions"}],"predecessor-version":[{"id":3508,"href":"https:\/\/cardenal-newman.edu\/en\/wp-json\/wp\/v2\/pages\/3165\/revisions\/3508"}],"wp:featuredmedia":[{"embeddable":true,"href":"https:\/\/cardenal-newman.edu\/en\/wp-json\/wp\/v2\/media\/3166"}],"wp:attachment":[{"href":"https:\/\/cardenal-newman.edu\/en\/wp-json\/wp\/v2\/media?parent=3165"}],"wp:term":[{"taxonomy":"yst_prominent_words","embeddable":true,"href":"https:\/\/cardenal-newman.edu\/en\/wp-json\/wp\/v2\/yst_prominent_words?post=3165"}],"curies":[{"name":"wp","href":"https:\/\/api.w.org\/{rel}","templated":true}]}}