{"id":3332,"date":"2020-06-11T16:28:55","date_gmt":"2020-06-11T19:28:55","guid":{"rendered":"https:\/\/cardenal-newman.edu\/donaciones\/"},"modified":"2020-06-30T16:00:32","modified_gmt":"2020-06-30T19:00:32","slug":"donations","status":"publish","type":"page","link":"https:\/\/cardenal-newman.edu\/en\/donations\/","title":{"rendered":"Donations"},"content":{"rendered":"<section class=\"wpb-content-wrapper\"><p>[vc_row][vc_column][vc_empty_space height=&#8221;50px&#8221;][vc_column_text]<\/p>\n<h4 style=\"text-align: center;\"><strong><em>\u201cIt\u2019s not about how much you do, but how much love you put into what you do that counts.\u201d<br \/>\n<\/em><\/strong><strong><em> Madre Teresa of Calcuta<\/em><\/strong><\/h4>\n<p>[\/vc_column_text][vc_column_text]<\/p>\n<p style=\"text-align: center;\">Throughout the year and in response to prompt requests, we organize donations to the following institutions:<\/p>\n<p>[\/vc_column_text][\/vc_column][\/vc_row][vc_row][vc_column width=&#8221;1\/4&#8243;][vc_single_image image=&#8221;2953&#8243; img_size=&#8221;medium&#8221; alignment=&#8221;center&#8221;][vc_column_text]<\/p>\n<h5 style=\"text-align: center;\">Families with children in Primary School for Copacabana<\/h5>\n<p>[\/vc_column_text][vc_column_text]<\/p>\n<ul>\n<li>Afternoon snacks are provided for 110 children of\u00a0 a nearby neighbourhood.<\/li>\n<li>6<span style=\"font-size: 16px;\">th<\/span><span style=\"font-size: 16px;\"> year Primary students organize this donation, reminding all students what they ought to bring to school (milk, cocoa, flour, sugar, cooking oil, biscuits)<\/span><\/li>\n<\/ul>\n<p>[\/vc_column_text][\/vc_column][vc_column width=&#8221;1\/4&#8243;][vc_single_image image=&#8221;2952&#8243; img_size=&#8221;medium&#8221; alignment=&#8221;center&#8221;][vc_column_text]<\/p>\n<h5 style=\"text-align: center;\">2nd and 3rd t year secondary for the sewing workshop.<\/h5>\n<p>[\/vc_column_text][vc_column_text]The 2nd year students organize to donate food for the snack that is given to the ladies who attend the workshop with their children on Thursdays. 3rd year provides cleaning supplies to condition donated clothing, which they then sell at fairs. It\u2019s a once a year donation per family.[\/vc_column_text][\/vc_column][vc_column width=&#8221;1\/4&#8243;][vc_single_image image=&#8221;2955&#8243; img_size=&#8221;medium&#8221; alignment=&#8221;center&#8221;][vc_column_text]<\/p>\n<h5 style=\"text-align: center;\">4th and 5th year Secondary students for San Benito<\/h5>\n<p>[\/vc_column_text][vc_column_text]The families of the 4th and 5th year students collaborate with one food bag per month for the most needy in Boulogne. These years ares in charge because a large part of the students confirmed or attended post-confirmation groups at Santa Rita Parish.[\/vc_column_text][\/vc_column][vc_column width=&#8221;1\/4&#8243;][vc_single_image image=&#8221;2954&#8243; img_size=&#8221;medium&#8221; alignment=&#8221;center&#8221;][vc_column_text]<\/p>\n<h5 style=\"text-align: center;\">All the community for Caritas of San Juan the Baptist<\/h5>\n<p>[\/vc_column_text][vc_column_text]All families are invited to contribute once a month by donating a bag of non-perishable food (noodles, rice, yerba, flour, sugar, milk, oil, tomato sauce, etc.) to families of a deprived neighbourhood in Ricardo Rojas.[\/vc_column_text][\/vc_column][\/vc_row][vc_row css=&#8221;.vc_custom_1591900537539{background-color: #f7f7f7 !important;}&#8221;][vc_column width=&#8221;2\/3&#8243;][vc_empty_space][vc_column_text]<\/p>\n<h5 class=\"m_-7609577130109735819Default\" style=\"text-align: center;\">Request for donations<\/h5>\n<ul>\n<li>1st year ES donates personal hygiene items to Hogar Cura Brochero<\/li>\n<li>Throughout the year and responding to specific requests, we make donations to the following institutions: Hospice San Camilo, School No. 16 in La Barquita, needy families in the Barquita area, schools in Barrancas Coloradas, Barrial Alto and families from Santiago del Estero, Feria de la Alegr\u00eda of the Parroquia Esp\u00edritu Santo in Cava, Fair of the CAI of San Juan Bautista, Jos\u00e9 C. Paz, P. Juampi Contepomi in Salacate (C\u00f3rdoba), rugby clothes to different province club where Newman alumni are involved and San Pedro Claver; books to the library of the Santo Domingo Savio school and the Casa del Amanecer.<\/li>\n<li>When needed and upon request of Father Juan Ignacio Pandolfini we offer support to the Parrish of San Ignacio de Loyola, managed by Diocesan Missionary Sisters of the Mother Mary of the Church), where they offer learning support and different workshops.<\/li>\n<\/ul>\n<h5 class=\"m_-7609577130109735819Default\" style=\"text-align: center;\"><u><\/u>Clarisas Sisters<\/h5>\n<p class=\"m_-7609577130109735819Default\">Continuing with Br. Jim Doherty\u2019s work, every month we send food to these nuns who live in Moreno and truly live by Providence.<br \/>\nDuring the year and responding to prompt requests we organize donations for other institutions: Hogar Cura Brochero, Hospice San Camilo, Escuela N\u00b0 16 in La Barquita, low income families in the area of La Barquita, schools in Barrancas Coloradas, Barrial Alto and families of Santiago del Estero, Feria de la Alegr\u00eda of the Esp\u00edritu Santo Parrish in La Cava, Feria del CAI de San Juan Bautista, Jos\u00e9 C. Paz, Padre Juampi Contepomi in Salacate (C\u00f3rdoba), rugby clothes for clubs in the provinces which are sponsored by former pupils and for San Pedro Claver, library and study books for the libraries of Santo Domingo Savio and Casa del Amanecer.<\/p>\n<p>[\/vc_column_text][\/vc_column][vc_column width=&#8221;1\/3&#8243;][vc_empty_space height=&#8221;150px&#8221;][vc_single_image image=&#8221;2951&#8243; img_size=&#8221;medium&#8221; alignment=&#8221;center&#8221;][\/vc_column][\/vc_row][vc_column width=&#8221;2\/3&#8243;][vc_empty_space height=&#8221;60px&#8221;][\/vc_column]<\/p>\n<\/section>","protected":false},"excerpt":{"rendered":"<p>[vc_row][vc_column][vc_empty_space height=&#8221;50px&#8221;][vc_column_text] \u201cIt\u2019s not about how much you do, but how much love you put into what you do that counts.\u201d Madre Teresa of Calcuta [\/vc_column_text][vc_column_text] Throughout the year and in response to prompt requests, we organize donations to the following institutions: [\/vc_column_text][\/vc_column][\/vc_row][vc_row][vc_column width=&#8221;1\/4&#8243;][vc_single_image image=&#8221;2953&#8243; img_size=&#8221;medium&#8221; alignment=&#8221;center&#8221;][vc_column_text] Families with children in Primary School for Copacabana [\/vc_column_text][vc_column_text] Afternoon snacks are provided &hellip;<\/p>\n<p class=\"read-more\"> <a class=\"ast-button\" href=\"https:\/\/cardenal-newman.edu\/en\/donations\/\"> <span class=\"screen-reader-text\">Donations<\/span> Read More \u00bb<\/a><\/p>\n","protected":false},"author":2,"featured_media":3241,"parent":0,"menu_order":0,"comment_status":"closed","ping_status":"closed","template":"","meta":{"inline_featured_image":false,"site-sidebar-layout":"no-sidebar","site-content-layout":"plain-container","ast-global-header-display":"","ast-main-header-display":"","ast-hfb-above-header-display":"","ast-hfb-below-header-display":"","ast-hfb-mobile-header-display":"","site-post-title":"disabled","ast-breadcrumbs-content":"","ast-featured-img":"disabled","footer-sml-layout":"","theme-transparent-header-meta":"default","adv-header-id-meta":"1182","stick-header-meta":"default","header-above-stick-meta":"","header-main-stick-meta":"","header-below-stick-meta":""},"yst_prominent_words":[2465,2483,2484,2480,2489,2475,2482,2481,2479,2309,2487,2474,2488,2478,2477,2476,2485,2486,2473,2491],"_links":{"self":[{"href":"https:\/\/cardenal-newman.edu\/en\/wp-json\/wp\/v2\/pages\/3332"}],"collection":[{"href":"https:\/\/cardenal-newman.edu\/en\/wp-json\/wp\/v2\/pages"}],"about":[{"href":"https:\/\/cardenal-newman.edu\/en\/wp-json\/wp\/v2\/types\/page"}],"author":[{"embeddable":true,"href":"https:\/\/cardenal-newman.edu\/en\/wp-json\/wp\/v2\/users\/2"}],"replies":[{"embeddable":true,"href":"https:\/\/cardenal-newman.edu\/en\/wp-json\/wp\/v2\/comments?post=3332"}],"version-history":[{"count":3,"href":"https:\/\/cardenal-newman.edu\/en\/wp-json\/wp\/v2\/pages\/3332\/revisions"}],"predecessor-version":[{"id":9771,"href":"https:\/\/cardenal-newman.edu\/en\/wp-json\/wp\/v2\/pages\/3332\/revisions\/9771"}],"wp:featuredmedia":[{"embeddable":true,"href":"https:\/\/cardenal-newman.edu\/en\/wp-json\/wp\/v2\/media\/3241"}],"wp:attachment":[{"href":"https:\/\/cardenal-newman.edu\/en\/wp-json\/wp\/v2\/media?parent=3332"}],"wp:term":[{"taxonomy":"yst_prominent_words","embeddable":true,"href":"https:\/\/cardenal-newman.edu\/en\/wp-json\/wp\/v2\/yst_prominent_words?post=3332"}],"curies":[{"name":"wp","href":"https:\/\/api.w.org\/{rel}","templated":true}]}}