{"id":5411,"date":"2022-03-21T16:56:59","date_gmt":"2022-03-21T19:56:59","guid":{"rendered":"https:\/\/cardenal-newman.edu\/?page_id=5411"},"modified":"2022-03-21T16:58:47","modified_gmt":"2022-03-21T19:58:47","slug":"nivel-kinder","status":"publish","type":"page","link":"https:\/\/cardenal-newman.edu\/en\/nivel-kinder\/","title":{"rendered":"Nivel Kinder"},"content":{"rendered":"<section class=\"wpb-content-wrapper\"><p>[vc_row][vc_column width=&#8221;1\/2&#8243;][vc_empty_space][vc_single_image image=&#8221;5634&#8243; img_size=&#8221;medium&#8221; alignment=&#8221;center&#8221;][vc_empty_space][\/vc_column][vc_column width=&#8221;1\/2&#8243;][vc_empty_space][vc_column_text]Con inmensa alegr\u00eda invitamos a los padres interesados en nuestro nuevo Newman Kinder a la primera reuni\u00f3n informativa que tendr\u00e1 lugar en abril.<\/p>\n<p>En este encuentro les informaremos los detalles del innovador proyecto educativo\u00a0 y les mostraremos el moderno anteproyecto edilicio que facilitar\u00e1 el aprendizaje de los ni\u00f1os durante esta etapa clave de su desarrollo.<\/p>\n<p>Los cupos son limitados, les pedimos que se registren en el link adjunto. A partir de 2023, Nivel Inicial Mixto con K3, K4 y K5. \u00a1Los esperamos![\/vc_column_text][vc_btn title=&#8221;Registrate Aqu\u00ed para la Reuni\u00f3n Presentaci\u00f3n&#8221; color=&#8221;green&#8221; align=&#8221;center&#8221; link=&#8221;url:https%3A%2F%2Fforms.gle%2FvwoW4bLNdy34emZn6&#8243;][\/vc_column][\/vc_row][vc_row][vc_column][vc_empty_space][vc_column_text]A partir de 2023, el colegio Cardenal Newman suma Nivel Inicial mixto para acompa\u00f1ar a los padres en la educaci\u00f3n de todos sus hijos con la misma Misi\u00f3n: &#8220;lograr un desarrollo armonioso como personas, en relaci\u00f3n consigo mismo, los otros, con Dios y la creaci\u00f3n mediante una educaci\u00f3n de calidad, promotora de justicia y paz, para una cultura abierta, en un ambiente de creatividad y libertad responsable&#8221;.<\/p>\n<p>Con la incorporaci\u00f3n del Kinder, el camino en Newman\u00a0 se iniciar\u00e1 desde muy temprana edad con el impacto positivo que esto conlleva en el desarrollo. Estamos avanzando en el dise\u00f1o de un proyecto pedag\u00f3gico integral con las habilidades y competencias del siglo XXI.<\/p>\n<p>El carisma de Edmundo Rice &#8211; fundador de la Congregaci\u00f3n Christian Brothers- que hoy Newman comparte con 280 colegios alrededor del mundo a trav\u00e9s de EREBB (Edmund Rice Beyond Borders) se seguir\u00e1 as\u00ed esparciendo en la vida de m\u00e1s ni\u00f1os y ni\u00f1as.<\/p>\n<p>En noviembre de 1947, los Christian Brothers llegaban desde Irlanda a una lejana Argentina para fundar Newman. Hoy estamos viviendo otro momento fundacional. Un hito en la historia del Colegio.<\/p>\n<p>Los invitamos a ser parte del &#8220;Newman del futuro&#8221;. Un camino que estamos iniciando juntos e iremos recorriendo como comunidad.[\/vc_column_text][\/vc_column][\/vc_row][vc_row css=&#8221;.vc_custom_1645905570327{background-color: #f3f3f3 !important;}&#8221;][vc_column][vc_column_text]<\/p>\n<h5>Este innovador y desafiante proyecto contar\u00e1 con un moderno edificio con espacios que ser\u00e1n una invitaci\u00f3n para explorar y descubrir.<\/h5>\n<p>[\/vc_column_text][\/vc_column][\/vc_row][vc_row css=&#8221;.vc_custom_1645905545132{background-color: #f3f3f3 !important;}&#8221;][vc_column width=&#8221;1\/4&#8243;][vc_single_image image=&#8221;5421&#8243; img_size=&#8221;250&#215;250&#8243; alignment=&#8221;center&#8221;][\/vc_column][vc_column width=&#8221;1\/4&#8243;][vc_single_image image=&#8221;5415&#8243; img_size=&#8221;250&#215;250&#8243; alignment=&#8221;center&#8221;][\/vc_column][vc_column width=&#8221;1\/4&#8243;][vc_single_image image=&#8221;5413&#8243; img_size=&#8221;250&#215;250&#8243; alignment=&#8221;center&#8221;][\/vc_column][vc_column width=&#8221;1\/4&#8243;][vc_single_image image=&#8221;5419&#8243; img_size=&#8221;250&#215;250&#8243; alignment=&#8221;center&#8221;][vc_column_text]Im\u00e1genes referenciales del proyecto[\/vc_column_text][\/vc_column][\/vc_row][vc_row el_class=&#8221;hide-mobile&#8221;][vc_column][vc_empty_space][\/vc_column][\/vc_row][vc_row css=&#8221;.vc_custom_1645977361574{background-color: #f3f3f3 !important;}&#8221; el_class=&#8221;hide-mobile&#8221;][vc_column width=&#8221;1\/2&#8243;][vc_empty_space height=&#8221;50px&#8221;][vc_btn title=&#8221;\u00a1Para agendar! En abril presentaremos a las familias el innovador proyecto educativo de nuestro nuevo Kinder.&#8221; style=&#8221;custom&#8221; custom_background=&#8221;#81142c&#8221; custom_text=&#8221;#ffffff&#8221; size=&#8221;lg&#8221; align=&#8221;center&#8221; i_icon_fontawesome=&#8221;far fa-calendar-alt&#8221; add_icon=&#8221;true&#8221; css=&#8221;.vc_custom_1646350809441{background-color: #81142c !important;}&#8221;][vc_empty_space height=&#8221;50px&#8221;][vc_single_image image=&#8221;5417&#8243; img_size=&#8221;large&#8221; alignment=&#8221;center&#8221;][\/vc_column][vc_column width=&#8221;1\/2&#8243;][vc_single_image image=&#8221;5461&#8243; alignment=&#8221;center&#8221;][vc_column_text]<\/p>\n<h5 style=\"text-align: center;\"><strong>Guadalupe G\u00f3mez, Directora Nivel Inicial<\/strong><\/h5>\n<p>[\/vc_column_text][vc_column_text]Guadalupe es docente de Nivel Inicial. Cuenta con una Diplomatura en Gesti\u00f3n Educativa, Innovaci\u00f3n y Nuevas Tecnolog\u00edas. Trabaj\u00f3 los \u00faltimos nueve a\u00f1os en el Kinder del Colegio San Andr\u00e9s en puestos de docente titular, Vice direcci\u00f3n y, desde 2017, como Coordinadora Pedag\u00f3gica y de Recursos Tecnol\u00f3gicos. Anteriormente trabaj\u00f3 en los colegios San Marcos y Saint Luke\u00b4s. Tambi\u00e9n es capacitadora docente de Code and Play en todo lo referido a Nuevas Tecnolog\u00edas, Rob\u00f3tica y Programaci\u00f3n para Nivel Inicial y Primer Ciclo de Escuela Primaria. Es autora de libros y art\u00edculos educativos. Entre ellos, &#8220;Rob\u00f3tica y Programaci\u00f3n en Nivel Inicial a trav\u00e9s de propuestas l\u00fadicas&#8221; (Praxis, 2020) &#8220;Experiencias para la articulaci\u00f3n entre educaci\u00f3n inicialy primaria&#8221; (Praxis, 2020). Por sus condiciones profesionales y humanas, estamos convencidos que Guadalupe re\u00fane todas las condiciones para ser la Directora de nuestro nuevo Nivel Inicial. \u00a1Bienvenida a Newman![\/vc_column_text][\/vc_column][\/vc_row][vc_row el_class=&#8221;show-mobile&#8221;][vc_column][vc_empty_space][\/vc_column][\/vc_row][vc_row css=&#8221;.vc_custom_1645977335878{background-color: #f3f3f3 !important;}&#8221; el_class=&#8221;show-mobile&#8221;][vc_column][vc_single_image image=&#8221;5461&#8243; alignment=&#8221;center&#8221;][vc_column_text]<\/p>\n<h5 style=\"text-align: center;\"><strong>Conoc\u00e9 a Guadalupe G\u00f3mez<\/strong><\/h5>\n<h5 style=\"text-align: center;\"><strong>Directora Nivel Inicial<\/strong><\/h5>\n<p>[\/vc_column_text][vc_column_text]Guadalupe es docente de Nivel Inicial. Cuenta con una Diplomatura en Gesti\u00f3n Educativa, Innovaci\u00f3n y Nuevas Tecnolog\u00edas. Trabaj\u00f3 los \u00faltimos nueve a\u00f1os en el Kinder del Colegio San Andr\u00e9s en puestos de docente titular, Vice direcci\u00f3n y, desde 2017, como Coordinadora Pedag\u00f3gica y de Recursos Tecnol\u00f3gicos. Anteriormente trabaj\u00f3 en los colegios San Marcos y Saint Luke\u00b4s. Tambi\u00e9n es capacitadora docente de Code and Play en todo lo referido a Nuevas Tecnolog\u00edas, Rob\u00f3tica y Programaci\u00f3n para Nivel Inicial y Primer Ciclo de Escuela Primaria. Es autora de libros y art\u00edculos educativos. Entre ellos, &#8220;Rob\u00f3tica y Programaci\u00f3n en Nivel Inicial a trav\u00e9s de propuestas l\u00fadicas&#8221; (Praxis, 2020) &#8220;Experiencias para la articulaci\u00f3n entre educaci\u00f3n inicial y primaria&#8221; (Praxis, 2020). Por sus cualidades profesionales y humanas, estamos convencidos que Guadalupe re\u00fane todas las condiciones para ser la Directora de nuestro nuevo Nivel Inicial. \u00a1Bienvenida a Newman![\/vc_column_text][\/vc_column][\/vc_row][vc_row css=&#8221;.vc_custom_1583510161318{margin-top: 25px !important;}&#8221;][vc_column][vc_column_text]<\/p>\n<h5><strong>Informaci\u00f3n de Inter\u00e9s:<\/strong><\/h5>\n<p>[\/vc_column_text][vc_tta_accordion color=&#8221;green&#8221; c_icon=&#8221;triangle&#8221; c_position=&#8221;right&#8221; active_section=&#8221;9&#8243; css=&#8221;.vc_custom_1639144608189{background-color: #81142c !important;}&#8221;][vc_tta_section title=&#8221;\u00bfEn qu\u00e9 consiste la propuesta de Newman Kinder?&#8221; tab_id=&#8221;1639088755164-4a2e0b02-4d1b&#8221;][vc_column_text]El proyecto Newman Kinder se incorpora como Nivel Inicial en Newman. Ser\u00e1 mixto y bilingue. Contar\u00e1 con Salas de K3, K4 y K5 a partir de 2023.[\/vc_column_text][\/vc_tta_section][vc_tta_section title=&#8221;\u00bfCu\u00e1ndo se podr\u00e1 conocer el proyecto educativo?&#8221; tab_id=&#8221;1639088755209-9c20cd71-b513&#8243;][vc_column_text]En abril 2022 presentaremos nuestro nuevo proyecto educativo para Nivel Inicial. Pr\u00f3ximamente informaremos c\u00f3mo registrarse para asistir a la reuni\u00f3n.[\/vc_column_text][\/vc_tta_section][vc_tta_section title=&#8221;\u00bfD\u00f3nde va a estar ubicado?&#8221; tab_id=&#8221;1639089658205-473f846a-f9ab&#8221;][vc_column_text]El Newman Kinder estar\u00e1 ubicado en el mismo predio del Colegio Newman. Contar\u00e1 con un edificio que ser\u00e1 construido a lo largo de 2022 y estar\u00e1 ubicado en la esquina de Warnes y Blanco Encalada.[\/vc_column_text][\/vc_tta_section][vc_tta_section title=&#8221;\u00bfTendr\u00e1 turno Ma\u00f1ana y Tarde? \u00bfOpciones de doble turno para determinadas Salas?&#8221; tab_id=&#8221;1639089786162-5f9c2890-ddb8&#8243;][vc_column_text]Planeamos tener turno ma\u00f1ana en Sala de 3 y Sala de 4 con posibilidad de quedarse en talleres de extensi\u00f3n horaria, posiblemente con opci\u00f3n de dos a cuatro d\u00edas. La propuesta de Sala de 5 ser\u00e1 de jornada completa.[\/vc_column_text][\/vc_tta_section][vc_tta_section title=&#8221;\u00bf Qu\u00e9 pasa con los alumnos de otros Jardines que sean aspirantes para 1ro. EP?&#8221; tab_id=&#8221;1639089858024-3055f462-5625&#8243;][vc_column_text]En estos casos lo que se debe hacer es inscribirse dos a\u00f1os antes por el canal habitual de nuestra web. El objetivo es nutrir el ingreso a 1ro. EP con alumnos provenientes de nuestro Kinder y tambi\u00e9n seguiremos coordinando con los Jardines de Infantes de CABA el proceso de admisi\u00f3n de sus aspirantes. Tener en cuenta que el\u00a0 Preescolar debe ser de Ense\u00f1anza Oficial.[\/vc_column_text][\/vc_tta_section][vc_tta_section title=&#8221;\u00bfSer\u00e1 un Kinder con proyecto de inclusi\u00f3n?&#8221; tab_id=&#8221;1639139475235-12b8a814-2b0c&#8221;][vc_column_text]Definitivamente ser\u00e1 un Kinder con proyecto de inclusi\u00f3n, camino que iniciamos hace varios a\u00f1os en Newman. Las familias se suelen acercar antes de la apertura del proceso de admisi\u00f3n y coordinan un entrevista con Macarena Greco (mgreco@cardenal-newman.edu). Actualmente tenemos un cupo en Primaria y vamos a definir los detalles para el Nivel Inicial.[\/vc_column_text][\/vc_tta_section][vc_tta_section title=&#8221;\u00bfCu\u00e1l es la propuesta para la incorporaci\u00f3n de las mujeres despu\u00e9s que finalizan el Kinder?&#8221; tab_id=&#8221;1639140360496-fd1cfb08-3261&#8243;][vc_column_text]La propuesta es incorporar a las alumnas mujeres a trav\u00e9s del sistema de educaci\u00f3n diferenciada.\u00a0 El objetivo es crear una s\u00f3lida identidad de las alumnas mujeres en Newman y estamos convencidos que esta modalidad es la mejor manera de lograrlo. Ser\u00e1n incorporadas a partir de 1er grado 2024 en un edificio independiente, compartiendo muchas actividades con los alumnos varones y se ir\u00e1n sumando grados de manera progresiva a a partir de dicha camada.[\/vc_column_text][\/vc_tta_section][vc_tta_section title=&#8221;\u00bfEn qu\u00e9 consiste la educaci\u00f3n diferenciada?&#8221; tab_id=&#8221;1639140875132-0b7242eb-137e&#8221;][vc_row_inner][vc_column_inner][vc_column_text]La educaci\u00f3n diferenciada se desarrolla en edificios independientes para varones y mujeres con actividades, espacios y proyectos compartidos bajo la misma identidad institucional. Newman cuenta con una s\u00f3lida\u00a0 tradici\u00f3n de escuela de varones y el objetivo es lograr lo mismo con las mujeres ingresantes. Estamos convencidos que el mejor camino para lograrlo es la modalidad de educaci\u00f3n diferenciada. De esta manera, podremos atender a sus necesidades, estilos de aprendizaje y cuidado dentro de nuestra comunidad educativa.\u00a0 Teniendo en cuenta la importancia del enriquecimiento de los v\u00ednculos sociales entre ni\u00f1os y ni\u00f1as compartir\u00e1n actividades tales como algunos recreos, convivencias, \u00a0celebraciones especiales, etc,[\/vc_column_text][\/vc_column_inner][\/vc_row_inner][\/vc_tta_section][\/vc_tta_accordion][\/vc_column][\/vc_row][vc_row][vc_column width=&#8221;1\/4&#8243;][\/vc_column][vc_column width=&#8221;1\/2&#8243;][vc_btn title=&#8221;\u00bfOtras consultas? kinder@cardenal-newman.edu&#8221; style=&#8221;custom&#8221; custom_background=&#8221;#81142c&#8221; custom_text=&#8221;#ffffff&#8221; size=&#8221;lg&#8221; align=&#8221;center&#8221; i_icon_fontawesome=&#8221;fas fa-envelope-square&#8221; add_icon=&#8221;true&#8221; css=&#8221;.vc_custom_1639145517951{background-color: #81142c !important;}&#8221;][\/vc_column][vc_column width=&#8221;1\/4&#8243;][\/vc_column][\/vc_row][vc_row][vc_column][vc_empty_space][\/vc_column][\/vc_row]<\/p>\n<\/section>","protected":false},"excerpt":{"rendered":"<p>[vc_row][vc_column width=&#8221;1\/2&#8243;][vc_empty_space][vc_single_image image=&#8221;5634&#8243; img_size=&#8221;medium&#8221; alignment=&#8221;center&#8221;][vc_empty_space][\/vc_column][vc_column width=&#8221;1\/2&#8243;][vc_empty_space][vc_column_text]Con inmensa alegr\u00eda invitamos a los padres interesados en nuestro nuevo Newman Kinder a la primera reuni\u00f3n informativa que tendr\u00e1 lugar en abril. En este encuentro les informaremos los detalles del innovador proyecto educativo\u00a0 y les mostraremos el moderno anteproyecto edilicio que facilitar\u00e1 el aprendizaje de los ni\u00f1os durante esta etapa clave de su desarrollo. &hellip;<\/p>\n<p class=\"read-more\"> <a class=\"ast-button\" href=\"https:\/\/cardenal-newman.edu\/en\/nivel-kinder\/\"> <span class=\"screen-reader-text\">Nivel Kinder<\/span> Read More \u00bb<\/a><\/p>\n","protected":false},"author":2,"featured_media":5637,"parent":0,"menu_order":0,"comment_status":"closed","ping_status":"closed","template":"","meta":{"inline_featured_image":false,"site-sidebar-layout":"no-sidebar","site-content-layout":"plain-container","ast-global-header-display":"","ast-main-header-display":"","ast-hfb-above-header-display":"","ast-hfb-below-header-display":"","ast-hfb-mobile-header-display":"","site-post-title":"disabled","ast-breadcrumbs-content":"","ast-featured-img":"disabled","footer-sml-layout":"","theme-transparent-header-meta":"default","adv-header-id-meta":"1182","stick-header-meta":"default","header-above-stick-meta":"","header-main-stick-meta":"","header-below-stick-meta":""},"yst_prominent_words":[],"_links":{"self":[{"href":"https:\/\/cardenal-newman.edu\/en\/wp-json\/wp\/v2\/pages\/5411"}],"collection":[{"href":"https:\/\/cardenal-newman.edu\/en\/wp-json\/wp\/v2\/pages"}],"about":[{"href":"https:\/\/cardenal-newman.edu\/en\/wp-json\/wp\/v2\/types\/page"}],"author":[{"embeddable":true,"href":"https:\/\/cardenal-newman.edu\/en\/wp-json\/wp\/v2\/users\/2"}],"replies":[{"embeddable":true,"href":"https:\/\/cardenal-newman.edu\/en\/wp-json\/wp\/v2\/comments?post=5411"}],"version-history":[{"count":2,"href":"https:\/\/cardenal-newman.edu\/en\/wp-json\/wp\/v2\/pages\/5411\/revisions"}],"predecessor-version":[{"id":5675,"href":"https:\/\/cardenal-newman.edu\/en\/wp-json\/wp\/v2\/pages\/5411\/revisions\/5675"}],"wp:featuredmedia":[{"embeddable":true,"href":"https:\/\/cardenal-newman.edu\/en\/wp-json\/wp\/v2\/media\/5637"}],"wp:attachment":[{"href":"https:\/\/cardenal-newman.edu\/en\/wp-json\/wp\/v2\/media?parent=5411"}],"wp:term":[{"taxonomy":"yst_prominent_words","embeddable":true,"href":"https:\/\/cardenal-newman.edu\/en\/wp-json\/wp\/v2\/yst_prominent_words?post=5411"}],"curies":[{"name":"wp","href":"https:\/\/api.w.org\/{rel}","templated":true}]}}