{"id":5800,"date":"2025-11-13T15:29:42","date_gmt":"2025-11-13T18:29:42","guid":{"rendered":"https:\/\/cardenal-newman.edu\/?page_id=5800"},"modified":"2025-11-14T09:35:35","modified_gmt":"2025-11-14T12:35:35","slug":"newman-kinderadmisiones","status":"publish","type":"page","link":"https:\/\/cardenal-newman.edu\/en\/newman-kinderadmisiones\/","title":{"rendered":"Newman Kinder"},"content":{"rendered":"<section class=\"wpb-content-wrapper\"><p>[vc_row][vc_column][vc_empty_space][\/vc_column][\/vc_row][vc_row disable_element=&#8221;yes&#8221;][vc_column width=&#8221;1\/2&#8243;][vc_empty_space height=&#8221;70px&#8221; el_class=&#8221;hide-mobile&#8221;][vc_single_image image=&#8221;6919&#8243; img_size=&#8221;Medium&#8221; alignment=&#8221;center&#8221;][\/vc_column][vc_column width=&#8221;1\/2&#8243;][vc_empty_space el_class=&#8221;hide-mobile&#8221;][vc_btn title=&#8221;Formulario Admisi\u00f3n Aqu\u00ed&#8221; color=&#8221;white&#8221; align=&#8221;center&#8221; i_icon_fontawesome=&#8221;fas fa-exclamation&#8221; add_icon=&#8221;true&#8221; link=&#8221;url:https%3A%2F%2Fforms.gle%2FkhYvsTC3xWb7o25Y6&#8243; css=&#8221;.vc_custom_1680489255897{padding-top: 10px !important;padding-right: 10px !important;padding-bottom: 10px !important;padding-left: 10px !important;background-image: url(https:\/\/cardenal-newman.edu\/media\/Textura-Institucional-scaled.jpg?id=5859) !important;}&#8221;][vc_row_inner][vc_column_inner][vc_column_text]<em>Por favor luego de completar el formulario, les pedimos a las familias nuevas enviar dos cartas de presentaci\u00f3n de personas que est\u00e9n o hayan estado vinculadas a la comunidad a comunicacion@cardenal-newman.edu. (No es necesario para\u00a0 familias de exalumnos o con hijos alumnos del colegio).<\/em><\/p>\n<h6><\/h6>\n<p>[\/vc_column_text][vc_separator color=&#8221;green&#8221;][\/vc_column_inner][\/vc_row_inner][\/vc_column][\/vc_row][vc_row disable_element=&#8221;yes&#8221; css=&#8221;.vc_custom_1743350173751{background-color: #f3f3f3 !important;}&#8221;][vc_column][vc_column_text]<\/p>\n<h4>Pasos del Proceso de Admisi\u00f3n Newman Kinder:<\/h4>\n<ol>\n<li>\n<h6>Completar el formulario de admisiones. Env\u00edo de 2 cartas de presentaci\u00f3n a comunicacion@cardenal-newman.edu (no aplica para ex alumnos o hermanos de alumnos)<\/h6>\n<\/li>\n<li>\n<h6>Entrevista virtual de la familia con Alberto Olivero (Dir. Gral) y miembro del Board- Asoc Padres.<\/h6>\n<\/li>\n<li>\n<h6>Completar formulario y env\u00edo de informes kinder (en caso asista)<\/h6>\n<\/li>\n<li>\n<h6>Junio\/Julio: Respuesta a las familias.<\/h6>\n<\/li>\n<\/ol>\n<p>[\/vc_column_text][\/vc_column][\/vc_row][vc_row][vc_column][vc_single_image image=&#8221;5819&#8243; img_size=&#8221;medium&#8221; alignment=&#8221;center&#8221;][vc_column_text]<span style=\"font-weight: 400;\">In 2023 we reached a milestone in the history of our college: we added a co-educational Early Years section, to support parents in educating all their children under the same Mission: <\/span><i><span style=\"font-weight: 400;\">\u201cto foster harmonious development as persons, in relation to oneself, to others, with God and with creation, through a quality education that promotes justice and peace, in an open-minded culture, within an environment of creativity and responsible freedom.\u201d <\/span><\/i><span style=\"font-weight: 400;\">With the introduction of Kinder, Newman now has the opportunity to accompany the integral development of our students from an early age, with all the positive impact that this entails.<\/span>[\/vc_column_text][\/vc_column][\/vc_row][vc_row css=&#8221;.vc_custom_1651432286159{background-color: #f3f3f3 !important;}&#8221;][vc_column width=&#8221;1\/2&#8243;][vc_column_text]<\/p>\n<h3 style=\"text-align: center;\"><b>EDUCATIONAL PROJECT<\/b><\/h3>\n<p>[\/vc_column_text][vc_single_image image=&#8221;9800&#8243; img_size=&#8221;large&#8221; alignment=&#8221;center&#8221;][\/vc_column][vc_column width=&#8221;1\/2&#8243;][vc_empty_space height=&#8221;90px&#8221; el_class=&#8221;hide-mobile&#8221;][vc_column_text]<span style=\"font-weight: 400;\">The bilingual Newman Kinder programme is founded on a combination of carefully selected pedagogical principles, in order to offer a Comprehensive Education where disciplinary content is integrated alongside the acquisition and development of 21st-century competencies and skills.<\/span><span style=\"font-weight: 400;\"><br \/>\n<\/span><span style=\"font-weight: 400;\">It is very important for us to nurture and strengthen the partnership with families so that we may accompany the children in building shared values as an Educational Community. Within this framework \u2014 and with our students at the heart of everything \u2014 the Kinder proposal includes stimuli drawn from various pedagogical principles.<\/span><\/p>\n<p><span style=\"font-weight: 400;\">The Kindergarten building is part of our Masterplan \u2014 a project that reflects the evolution of our educational vision and supports the growth of our students from their earliest years, in spaces designed to foster curiosity, exploration, and active learning.<\/span>[\/vc_column_text][\/vc_column][\/vc_row][vc_row][vc_column][vc_column_text css=&#8221;.vc_custom_1763123668561{padding-top: 10px !important;padding-right: 10px !important;padding-bottom: 10px !important;padding-left: 10px !important;background-image: url(https:\/\/cardenal-newman.edu\/media\/Textura-Institucional-scaled.jpg?id=5859) !important;}&#8221;]<\/p>\n<h5 style=\"text-align: center;\"><span style=\"color: #ffffff;\"><b>Timetable<\/b><\/span><\/h5>\n<p style=\"text-align: center;\"><span style=\"color: #ffffff;\"><b>Pre-school Start:<\/b><span style=\"font-weight: 400;\"> 07:50 \u2013 08:30 h<\/span><span style=\"font-weight: 400;\"><br \/>\n<\/span> <b>Morning Session:<\/b><span style=\"font-weight: 400;\"> 08:30 h \u2013 11:50 h<\/span><span style=\"font-weight: 400;\"><br \/>\n<\/span> <b>Full Day:<\/b><span style=\"font-weight: 400;\"> 08:30 h \u2013 15:30 h<\/span><\/span><\/p>\n<p style=\"text-align: center;\">\n<p>[\/vc_column_text][\/vc_column][\/vc_row][vc_row][vc_column width=&#8221;1\/3&#8243;][vc_single_image image=&#8221;5841&#8243; img_size=&#8221;medium&#8221; alignment=&#8221;center&#8221;][vc_column_text css=&#8221;.vc_custom_1763123548983{padding-right: 10px !important;padding-left: 10px !important;background-image: url(https:\/\/cardenal-newman.edu\/media\/K3Textura-scaled.jpg?id=5843) !important;}&#8221;]<\/p>\n<p style=\"text-align: center;\" data-start=\"584\" data-end=\"652\"><span style=\"color: #ffffff;\"><strong data-start=\"588\" data-end=\"652\">K3 Explorers: <\/strong>Morning session. Optional afternoon workshops.<\/span><\/p>\n<h3 data-start=\"654\" data-end=\"724\"><\/h3>\n<p>[\/vc_column_text][\/vc_column][vc_column width=&#8221;1\/3&#8243;][vc_single_image image=&#8221;5845&#8243; img_size=&#8221;medium&#8221; alignment=&#8221;center&#8221;][vc_column_text css=&#8221;.vc_custom_1763123485127{padding-left: 10px !important;background-image: url(https:\/\/cardenal-newman.edu\/media\/K4Textura-scaled.jpg?id=5851) !important;}&#8221;]<\/p>\n<p style=\"text-align: center;\" data-start=\"654\" data-end=\"724\"><span style=\"color: #ffffff;\"><strong data-start=\"658\" data-end=\"724\">K4 Adventurers: <\/strong>Morning session. Optional afternoon workshops.<\/span><\/p>\n<p style=\"text-align: center;\" data-start=\"726\" data-end=\"764\">\n<p>[\/vc_column_text][\/vc_column][vc_column width=&#8221;1\/3&#8243;][vc_single_image image=&#8221;5847&#8243; img_size=&#8221;medium&#8221; alignment=&#8221;center&#8221;][vc_column_text css=&#8221;.vc_custom_1763123652306{padding-bottom: 28px !important;background-image: url(https:\/\/cardenal-newman.edu\/media\/K5Textura-scaled.jpg?id=5853) !important;}&#8221;]<\/p>\n<p style=\"text-align: center;\"><span style=\"color: #ffffff;\"><strong>K5 Creators:<\/strong> Full-day session.<\/span><\/p>\n<p>[\/vc_column_text][\/vc_column][\/vc_row][vc_row][vc_column][vc_video link=&#8221;https:\/\/youtu.be\/sAqncOlHBPc&#8221; el_width=&#8221;80&#8243; align=&#8221;center&#8221;][vc_column_text]<\/p>\n<h6 style=\"text-align: center;\"><\/h6>\n<p>[\/vc_column_text][\/vc_column][\/vc_row][vc_row][vc_column el_class=&#8221;show-mobile&#8221;][vc_empty_space el_class=&#8221;hide-mobile&#8221;][\/vc_column][\/vc_row][vc_row][vc_column][vc_empty_space][vc_single_image image=&#8221;6539&#8243; img_size=&#8221;full&#8221; alignment=&#8221;center&#8221;][vc_column_text]<\/p>\n<h3 style=\"text-align: center;\"><b>Extended Day with Optional Workshops<\/b><\/h3>\n<p>[\/vc_column_text][vc_column_text]<span style=\"font-weight: 400;\">The workshops for K3 and K4 offer various experiences that complement the morning session. These are optional and may be organised in many formats: one-day projects, sequences of interlinked activities. The offerings include: Sports &amp; Play \u00b7 Healthy Habits \u00b7 Drama &amp; Storytelling \u00b7 Arts &amp; Crafts \u00b7 STEAM Challenges \u00b7 Exploring Nature \u00b7 Hands-on Technology \u00b7 Mindfulness.<\/span>[\/vc_column_text][\/vc_column][\/vc_row][vc_row css=&#8221;.vc_custom_1645905570327{background-color: #f3f3f3 !important;}&#8221;][vc_column][vc_column_text]<\/p>\n<h3 style=\"text-align: center;\"><b>BUILDING PROJECT<\/b><\/h3>\n<p>[\/vc_column_text][vc_column_text]<\/p>\n<h5><strong>This innovative and challenging project features a modern building with flexible spaces designed to invite exploration and discovery, closely connected with the surrounding natural environment.<\/strong><\/h5>\n<p>[\/vc_column_text][vc_single_image image=&#8221;9151&#8243; img_size=&#8221;250&#215;250&#8243; alignment=&#8221;center&#8221;][\/vc_column][\/vc_row][vc_row][vc_column][vc_row_inner][vc_column_inner width=&#8221;1\/4&#8243;][vc_single_image image=&#8221;9148&#8243; img_size=&#8221;250&#215;250&#8243; alignment=&#8221;center&#8221;][\/vc_column_inner][vc_column_inner width=&#8221;1\/4&#8243;][vc_single_image image=&#8221;6935&#8243; img_size=&#8221;250&#215;250&#8243; alignment=&#8221;center&#8221;][\/vc_column_inner][vc_column_inner width=&#8221;1\/4&#8243;][vc_single_image image=&#8221;9139&#8243; img_size=&#8221;250&#215;250&#8243; alignment=&#8221;center&#8221;][\/vc_column_inner][vc_column_inner width=&#8221;1\/4&#8243;][vc_single_image image=&#8221;9142&#8243; img_size=&#8221;250&#215;250&#8243; alignment=&#8221;center&#8221;][\/vc_column_inner][\/vc_row_inner][\/vc_column][\/vc_row][vc_row css=&#8221;.vc_custom_1645977361574{background-color: #f3f3f3 !important;}&#8221; el_class=&#8221;hide-mobile&#8221;][vc_column][vc_empty_space][vc_single_image image=&#8221;5806&#8243; img_size=&#8221;600&#215;350&#8243; alignment=&#8221;center&#8221;][\/vc_column][\/vc_row][vc_row css=&#8221;.vc_custom_1645977335878{background-color: #f3f3f3 !important;}&#8221; el_class=&#8221;show-mobile&#8221;][vc_column][vc_single_image image=&#8221;9156&#8243; alignment=&#8221;center&#8221;][vc_column_text]<\/p>\n<h5 style=\"text-align: center;\"><strong>Claudia Catena, Directora Nivel Inicial<\/strong><\/h5>\n<p>[\/vc_column_text][vc_column_text]Profesora de Nivel Inicial, Claudia se ha desempe\u00f1\u00f3\u00a0 seis a\u00f1os como directora del Jard\u00edn de Infantes del St. Edward`s College, instituci\u00f3n a la que ingres\u00f3 en 2012. En su extensa trayectoria profesional tambi\u00e9n se destaca su s\u00f3lida experiencia \u00e1ulica en el Nivel Inicial de los Colegios Marin y Cardenal Pironio, entre otros.<\/p>\n<p>La definen la pasi\u00f3n por la vocaci\u00f3n, el liderazgo y el trabajo en equipo. Sus cualidades como profesional y ser humano son un gran aporte para Newman Kinder y para el acompa\u00f1amiento junto a sus familias de nuestros Explorers, Adventurers y Creators.[\/vc_column_text][vc_single_image image=&#8221;5806&#8243; img_size=&#8221;large&#8221; alignment=&#8221;center&#8221;][vc_column_text]<\/p>\n<h6><em>&#8220;<\/em><span style=\"font-weight: 400;\"><em>El juego en Newman Kinder\u00a0 se despliega, no solo como una pr\u00e1ctica sociocultural sino tambi\u00e9n como actividad central de las propuestas, con el prop\u00f3sito de potenciar as\u00ed el desarrollo cognitivo, afectivo, est\u00e9tico, corporal y social de los ni\u00f1os, as\u00ed tambi\u00e9n como la integraci\u00f3n de las habilidades y competencias del siglo XXI&#8221;<\/em>,\u00a0<\/span><\/h6>\n<p>[\/vc_column_text][\/vc_column][\/vc_row][vc_row css=&#8221;.vc_custom_1583510161318{margin-top: 25px !important;}&#8221;][vc_column][vc_column_text]<\/p>\n<h5><b>Key Information:<\/b><\/h5>\n<p>[\/vc_column_text][vc_tta_accordion color=&#8221;green&#8221; c_icon=&#8221;triangle&#8221; c_position=&#8221;right&#8221; active_section=&#8221;9&#8243; css=&#8221;.vc_custom_1639144608189{background-color: #81142c !important;}&#8221;][vc_tta_section title=&#8221;What does the Newman Kinder offering involve?&#8221; tab_id=&#8221;1639088755164-4a2e0b02-4d1b&#8221;][vc_column_text]<span style=\"font-weight: 400;\">The Newman Kinder project launched in 2023. It is a co-educational bilingual programme with K3, K4 and K5 classes.<\/span>[\/vc_column_text][\/vc_tta_section][vc_tta_section title=&#8221;How can we learn about the educational project of Newman Kinder?&#8221; tab_id=&#8221;1639088755209-9c20cd71-b513&#8243;][vc_column_text]<span style=\"font-weight: 400;\">Once you have completed the admissions form you will be invited to a group meeting in May, in which Alberto Olivero and the senior leadership team will present the pedagogical proposal. If you require information before then, please contact Sol Benedit at comunicacion@cardenal-newman.edu.<\/span>[\/vc_column_text][\/vc_tta_section][vc_tta_section title=&#8221;Where is it located?&#8221; tab_id=&#8221;1639089658205-473f846a-f9ab&#8221;][vc_column_text]<span style=\"font-weight: 400;\">Newman Kinder is located on the same campus as the Colegio Newman, on the Blanco Encalada side.<\/span>[\/vc_column_text][\/vc_tta_section][vc_tta_section title=&#8221;What sessions are available? Are there after-school workshops?&#8221; tab_id=&#8221;1639089786162-5f9c2890-ddb8&#8243;][vc_column_text]<span style=\"font-weight: 400;\">K3 and K4 run in the morning, with the option of staying on for afternoon workshops (Monday to Thursday). K5 is a full-day programme.<\/span>[\/vc_column_text][\/vc_tta_section][vc_tta_section title=&#8221;Is there any priority given for enrolment?&#8221; tab_id=&#8221;1651529427122-62a942b5-4785&#8243;][vc_column_text]<span style=\"font-weight: 400;\">Siblings of current students, children of alumni and children of former students are given priority for places.<\/span>[\/vc_column_text][\/vc_tta_section][vc_tta_section title=&#8221;How many places are there in K3, K4 and K5?&#8221; tab_id=&#8221;1743350693873-6a44c0b5-59cd&#8221;][vc_column_text]<span style=\"font-weight: 400;\">\u00a0K3: 66 places \u00b7 K4: 88 places \u00b7 K5: 100 places<\/span>[\/vc_column_text][\/vc_tta_section][vc_tta_section title=&#8221;Is there flexible drop-off and pick-up?&#8221; tab_id=&#8221;1743350809180-31fb5f1b-bb44&#8243;][vc_column_text]<span style=\"font-weight: 400;\">Yes \u2014 from 08:00 onwards for arrival, and pick-up occurs at the same time as Primary.<\/span>[\/vc_column_text][\/vc_tta_section][\/vc_tta_accordion][\/vc_column][\/vc_row][vc_row el_class=&#8221;show-mobile&#8221;][vc_column][vc_empty_space][\/vc_column][\/vc_row][vc_row][vc_column width=&#8221;1\/4&#8243;][\/vc_column][vc_column width=&#8221;1\/2&#8243;][vc_btn title=&#8221;Other enquiries?  Please contact Sol Benedit (Communications &#038; Admissions Manager) at comunicacion@cardenal-newman.edu&#8221; style=&#8221;custom&#8221; custom_background=&#8221;#81142c&#8221; custom_text=&#8221;#ffffff&#8221; size=&#8221;lg&#8221; align=&#8221;center&#8221; i_icon_fontawesome=&#8221;fas fa-envelope-square&#8221; add_icon=&#8221;true&#8221; css=&#8221;.vc_custom_1763059905291{background-color: #81142c !important;}&#8221;][\/vc_column][vc_column width=&#8221;1\/4&#8243;][\/vc_column][\/vc_row]<\/p>\n<\/section>","protected":false},"excerpt":{"rendered":"<p>[vc_row][vc_column][vc_empty_space][\/vc_column][\/vc_row][vc_row disable_element=&#8221;yes&#8221;][vc_column width=&#8221;1\/2&#8243;][vc_empty_space height=&#8221;70px&#8221; el_class=&#8221;hide-mobile&#8221;][vc_single_image image=&#8221;6919&#8243; img_size=&#8221;Medium&#8221; alignment=&#8221;center&#8221;][\/vc_column][vc_column width=&#8221;1\/2&#8243;][vc_empty_space el_class=&#8221;hide-mobile&#8221;][vc_btn title=&#8221;Formulario Admisi\u00f3n Aqu\u00ed&#8221; color=&#8221;white&#8221; align=&#8221;center&#8221; i_icon_fontawesome=&#8221;fas fa-exclamation&#8221; add_icon=&#8221;true&#8221; link=&#8221;url:https%3A%2F%2Fforms.gle%2FkhYvsTC3xWb7o25Y6&#8243; css=&#8221;.vc_custom_1680489255897{padding-top: 10px !important;padding-right: 10px !important;padding-bottom: 10px !important;padding-left: 10px !important;background-image: url(https:\/\/cardenal-newman.edu\/media\/Textura-Institucional-scaled.jpg?id=5859) !important;}&#8221;][vc_row_inner][vc_column_inner][vc_column_text]Por favor luego de completar el formulario, les pedimos a las familias nuevas enviar dos cartas de presentaci\u00f3n de personas que est\u00e9n o hayan estado vinculadas a la comunidad a comunicacion@cardenal-newman.edu. &hellip;<\/p>\n<p class=\"read-more\"> <a class=\"ast-button\" href=\"https:\/\/cardenal-newman.edu\/en\/newman-kinderadmisiones\/\"> <span class=\"screen-reader-text\">Newman Kinder<\/span> Read More \u00bb<\/a><\/p>\n","protected":false},"author":2,"featured_media":6928,"parent":0,"menu_order":0,"comment_status":"closed","ping_status":"closed","template":"","meta":{"inline_featured_image":false,"site-sidebar-layout":"no-sidebar","site-content-layout":"plain-container","ast-global-header-display":"","ast-main-header-display":"","ast-hfb-above-header-display":"","ast-hfb-below-header-display":"","ast-hfb-mobile-header-display":"","site-post-title":"disabled","ast-breadcrumbs-content":"","ast-featured-img":"disabled","footer-sml-layout":"","theme-transparent-header-meta":"default","adv-header-id-meta":"1182","stick-header-meta":"default","header-above-stick-meta":"","header-main-stick-meta":"","header-below-stick-meta":""},"yst_prominent_words":[2129,2128,2127,2176,2177],"_links":{"self":[{"href":"https:\/\/cardenal-newman.edu\/en\/wp-json\/wp\/v2\/pages\/5800"}],"collection":[{"href":"https:\/\/cardenal-newman.edu\/en\/wp-json\/wp\/v2\/pages"}],"about":[{"href":"https:\/\/cardenal-newman.edu\/en\/wp-json\/wp\/v2\/types\/page"}],"author":[{"embeddable":true,"href":"https:\/\/cardenal-newman.edu\/en\/wp-json\/wp\/v2\/users\/2"}],"replies":[{"embeddable":true,"href":"https:\/\/cardenal-newman.edu\/en\/wp-json\/wp\/v2\/comments?post=5800"}],"version-history":[{"count":7,"href":"https:\/\/cardenal-newman.edu\/en\/wp-json\/wp\/v2\/pages\/5800\/revisions"}],"predecessor-version":[{"id":9858,"href":"https:\/\/cardenal-newman.edu\/en\/wp-json\/wp\/v2\/pages\/5800\/revisions\/9858"}],"wp:featuredmedia":[{"embeddable":true,"href":"https:\/\/cardenal-newman.edu\/en\/wp-json\/wp\/v2\/media\/6928"}],"wp:attachment":[{"href":"https:\/\/cardenal-newman.edu\/en\/wp-json\/wp\/v2\/media?parent=5800"}],"wp:term":[{"taxonomy":"yst_prominent_words","embeddable":true,"href":"https:\/\/cardenal-newman.edu\/en\/wp-json\/wp\/v2\/yst_prominent_words?post=5800"}],"curies":[{"name":"wp","href":"https:\/\/api.w.org\/{rel}","templated":true}]}}